{"id":1675,"date":"2014-05-10T11:28:43","date_gmt":"2014-05-10T11:28:43","guid":{"rendered":"https:\/\/www.haeuser-der-hoffnung.org\/?page_id=1675"},"modified":"2018-07-02T15:27:17","modified_gmt":"2018-07-02T15:27:17","slug":"bilder-2007","status":"publish","type":"page","link":"https:\/\/www.haeuser-der-hoffnung.org\/de\/bilder-2014\/bilder-2007\/","title":{"rendered":"Bilder 2007"},"content":{"rendered":"<div class=\"wpb-content-wrapper\"><p>[vc_row][vc_column width=&#8220;1\/1&#8243;]<div class=\"prk_shortcode-title\"><div class=\"header_font sizer_small bd_headings_text_shadow zero_color\" style=\"\">Bilder 2007<\/div><\/div>[vc_column_text] <em>F\u00fcr die vergr\u00f6\u00dferte Ansicht klicken Sie bitte auf ein Bild.<\/em> [\/vc_column_text][vc_separator][\/vc_column][\/vc_row][vc_row bk_type=&#8220;boxed_look&#8220; parallax=&#8220;yes&#8220; align=&#8220;left&#8220;][vc_column width=&#8220;1\/1&#8243;][vc_row_inner][vc_column_inner width=&#8220;1\/1&#8243;]<div class=\"prk_shortcode-title\"><div class=\"header_font prk_titlify_father sizer_small bd_headings_text_shadow zero_color\" style=\"\">2007 \u2013 das Leben im Centre<\/div><\/div>[vc_column_text]\u00dcber 3 Jahre sind seit der Er\u00f6ffnung des Centre vergangen \u2013 Neuzug\u00e4nge werden von den \u00e4lteren eingewiesen, G\u00e4ste oder Freiwillige sind eine willkommene Unterbrechung.[\/vc_column_text][vc_gallery type=&#8220;image_grid&#8220; interval=&#8220;3&#8243; images=&#8220;1692,1676,1685,1687,1680,1677,1678,1679,1689,1690,1695,1697,1681,1699,1698,1688,1684,1683&#8243; onclick=&#8220;link_image&#8220; custom_links_target=&#8220;_self&#8220; img_size=&#8220;166&#215;96&#8243;]tricker[\/vc_gallery][\/vc_column_inner][\/vc_row_inner][\/vc_column][\/vc_row][vc_row][vc_column width=&#8220;1\/1&#8243;][vc_row_inner][vc_column_inner width=&#8220;1\/1&#8243;]<div class=\"prk_shortcode-title\"><div class=\"header_font prk_titlify_father sizer_small bd_headings_text_shadow zero_color\" style=\"\">Vergabe von Mikrokrediten<\/div><\/div>[vc_column_text]Ein gro\u00dfzu\u0308giger Spender regte ein Mikrokreditvorhaben an. In Mali versuchen viele Frauen, durch Kleingewerbe ihre Familie (oft alleine) zu unterhalten. Ein Kleinkredit erm\u00f6glicht ihnen, ihr Warenangebot zu vergr\u00f6\u00dfern. Jigiya Bon unterstu\u0308tzt 10 Frauengruppen.[\/vc_column_text][vc_gallery type=&#8220;image_grid&#8220; interval=&#8220;3&#8243; images=&#8220;1700,1704,1701,1702,1705,1706&#8243; onclick=&#8220;link_image&#8220; custom_links_target=&#8220;_self&#8220; img_size=&#8220;166&#215;96&#8243;]tricker[\/vc_gallery][\/vc_column_inner][\/vc_row_inner][\/vc_column][\/vc_row][vc_row][vc_column width=&#8220;1\/1&#8243;][\/vc_column][\/vc_row]<\/p>\n<\/div>","protected":false},"excerpt":{"rendered":"<p>[vc_row][vc_column width=&#8220;1\/1&#8243;][vc_column_text] F\u00fcr die vergr\u00f6\u00dferte Ansicht klicken Sie bitte auf ein Bild. [\/vc_column_text][vc_separator][\/vc_column][\/vc_row][vc_row bk_type=&#8220;boxed_look&#8220; parallax=&#8220;yes&#8220; align=&#8220;left&#8220;][vc_column width=&#8220;1\/1&#8243;][vc_row_inner][vc_column_inner width=&#8220;1\/1&#8243;][vc_column_text]\u00dcber 3 Jahre sind seit der Er\u00f6ffnung des Centre vergangen \u2013 Neuzug\u00e4nge werden von den \u00e4lteren eingewiesen, G\u00e4ste oder Freiwillige sind eine willkommene Unterbrechung.[\/vc_column_text][vc_gallery type=&#8220;image_grid&#8220; interval=&#8220;3&#8243; images=&#8220;1692,1676,1685,1687,1680,1677,1678,1679,1689,1690,1695,1697,1681,1699,1698,1688,1684,1683&#8243; onclick=&#8220;link_image&#8220; custom_links_target=&#8220;_self&#8220; img_size=&#8220;166&#215;96&#8243;]tricker[\/vc_gallery][\/vc_column_inner][\/vc_row_inner][\/vc_column][\/vc_row][vc_row][vc_column width=&#8220;1\/1&#8243;][vc_row_inner][vc_column_inner width=&#8220;1\/1&#8243;][vc_column_text]Ein gro\u00dfzu\u0308giger Spender regte ein Mikrokreditvorhaben an. [&hellip;]<\/p>\n","protected":false},"author":147,"featured_media":0,"parent":1457,"menu_order":0,"comment_status":"closed","ping_status":"closed","template":"","meta":{"footnotes":""},"class_list":["post-1675","page","type-page","status-publish","hentry"],"_links":{"self":[{"href":"https:\/\/www.haeuser-der-hoffnung.org\/de\/wp-json\/wp\/v2\/pages\/1675","targetHints":{"allow":["GET"]}}],"collection":[{"href":"https:\/\/www.haeuser-der-hoffnung.org\/de\/wp-json\/wp\/v2\/pages"}],"about":[{"href":"https:\/\/www.haeuser-der-hoffnung.org\/de\/wp-json\/wp\/v2\/types\/page"}],"author":[{"embeddable":true,"href":"https:\/\/www.haeuser-der-hoffnung.org\/de\/wp-json\/wp\/v2\/users\/147"}],"replies":[{"embeddable":true,"href":"https:\/\/www.haeuser-der-hoffnung.org\/de\/wp-json\/wp\/v2\/comments?post=1675"}],"version-history":[{"count":0,"href":"https:\/\/www.haeuser-der-hoffnung.org\/de\/wp-json\/wp\/v2\/pages\/1675\/revisions"}],"up":[{"embeddable":true,"href":"https:\/\/www.haeuser-der-hoffnung.org\/de\/wp-json\/wp\/v2\/pages\/1457"}],"wp:attachment":[{"href":"https:\/\/www.haeuser-der-hoffnung.org\/de\/wp-json\/wp\/v2\/media?parent=1675"}],"curies":[{"name":"wp","href":"https:\/\/api.w.org\/{rel}","templated":true}]}}