{"id":3255,"date":"2014-12-07T20:16:58","date_gmt":"2014-12-07T20:16:58","guid":{"rendered":"https:\/\/www.haeuser-der-hoffnung.org\/?page_id=3255"},"modified":"2018-07-02T15:27:16","modified_gmt":"2018-07-02T15:27:16","slug":"eine-schule-fuer-youre1","status":"publish","type":"page","link":"https:\/\/www.haeuser-der-hoffnung.org\/de\/eine-schule-fuer-youre1\/","title":{"rendered":"Jigyia Bon \u2013 Your\u00e9"},"content":{"rendered":"<div class=\"wpb-content-wrapper\"><p>[vc_row][vc_column width=&#8220;1\/1&#8243;]<div class=\"prk_shortcode-title\"><div class=\"header_font sizer_small zero_color\" style=\"color:#336600;text-shadow:0px 0px 1px rgba(51, 102, 0,0.3);\">Eine Schule f\u00fcr Your\u00e9<\/div><\/div>\t<div class=\"flexslider shortcode_slider boxed_shadow \" data-autoplay=\"no\" data-delay=\"5500\">\n\t\t<ul id=\"prl_slider_98\" class=\"slides\"><li id=\"aria_slide_0\" class=\"medium\"><div class=\"slider_text_holder sld_left sld_bottom\"><div id=\"prl_slider_98top_0\" class=\"left_floated headings_top \" style=\"color:#ffffff;\"><span class=\"prk_colored_slider\" style=\"background-color:#336600\">Your\u00e9<div class=\"clearfix\"><\/div><\/span><\/div><div class=\"clearfix\"><\/div><div id=\"prl_slider_98body_0\" class=\"headings_body \" style=\"color:#ffffff;background-color:#669900;\"><span>Die ehemalige Behelfsschule von Your\u00e9 im Januar 2014<div class=\"clearfix\"><\/div><\/span><\/div><div class=\"clearfix\"><\/div><\/div><img src=https:\/\/www.haeuser-der-hoffnung.org\/wp-content\/uploads\/2014\/12\/Youre_S_DSC_0833.png alt=\"\"><img src=https:\/\/www.haeuser-der-hoffnung.org\/wp-content\/uploads\/2014\/12\/Youre_S_DSC_0833.png alt=\"\" style=\"display:none;\"><\/li><li id=\"aria_slide_1\" class=\"medium\"><div class=\"slider_text_holder sld_left sld_bottom\"><div id=\"prl_slider_98top_1\" class=\"left_floated headings_top \" style=\"color:#ffffff;\"><span class=\"prk_colored_slider\" style=\"background-color:#336600\">Your\u00e9<div class=\"clearfix\"><\/div><\/span><\/div><div class=\"clearfix\"><\/div><div id=\"prl_slider_98body_1\" class=\"headings_body \" style=\"color:#ffffff;background-color:#669900;\"><span>In drei Klassenr\u00e4umen werden derzeit \u00fcber 150 Grundsch\u00fclerInnen unterrichtet<div class=\"clearfix\"><\/div><\/span><\/div><div class=\"clearfix\"><\/div><\/div><img src=https:\/\/www.haeuser-der-hoffnung.org\/wp-content\/uploads\/2014\/12\/Youre_S_DSCF0458.png alt=\"\"><img src=https:\/\/www.haeuser-der-hoffnung.org\/wp-content\/uploads\/2014\/12\/Youre_S_DSCF0458.png alt=\"\" style=\"display:none;\"><\/li><li id=\"aria_slide_2\" class=\"medium\"><div class=\"slider_text_holder sld_right sld_top\"><div id=\"prl_slider_98top_2\" class=\"left_floated headings_top \" style=\"color:#ffffff;\"><span class=\"prk_colored_slider\" style=\"background-color:#336600\">Your\u00e9<div class=\"clearfix\"><\/div><\/span><\/div><div class=\"clearfix\"><\/div><div id=\"prl_slider_98body_2\" class=\"headings_body \" style=\"color:#ffffff;background-color:#669900;\"><span>Die ersten Sch\u00fclerInnen und ihre Lehrer sind im November 2014 eingezogen<div class=\"clearfix\"><\/div><\/span><\/div><div class=\"clearfix\"><\/div><\/div><img src=https:\/\/www.haeuser-der-hoffnung.org\/wp-content\/uploads\/2014\/12\/Youre_S_DSCF0462.png alt=\"\"><img src=https:\/\/www.haeuser-der-hoffnung.org\/wp-content\/uploads\/2014\/12\/Youre_S_DSCF0462.png alt=\"\" style=\"display:none;\"><\/li><li id=\"aria_slide_3\" class=\"medium\"><div class=\"slider_text_holder sld_left sld_bottom\"><div id=\"prl_slider_98top_3\" class=\"left_floated headings_top \" style=\"color:#ffffff;\"><span class=\"prk_colored_slider\" style=\"background-color:#336600\">Your\u00e9<div class=\"clearfix\"><\/div><\/span><\/div><div class=\"clearfix\"><\/div><div id=\"prl_slider_98body_3\" class=\"headings_body \" style=\"color:#ffffff;background-color:#669900;\"><span>Das Grundschulgeb\u00e4ude mit drei Klassenr\u00e4umen ersetzt die Behelfsschule aus Bastmatten<div class=\"clearfix\"><\/div><\/span><\/div><div class=\"clearfix\"><\/div><\/div><img src=https:\/\/www.haeuser-der-hoffnung.org\/wp-content\/uploads\/2014\/12\/14_S_Youre_vonVorne.png alt=\"\"><img src=https:\/\/www.haeuser-der-hoffnung.org\/wp-content\/uploads\/2014\/12\/14_S_Youre_vonVorne.png alt=\"\" style=\"display:none;\"><\/li><li id=\"aria_slide_4\" class=\"medium\"><div class=\"slider_text_holder sld_left sld_top\"><div id=\"prl_slider_98top_4\" class=\"left_floated headings_top \" style=\"color:#ffffff;\"><span class=\"prk_colored_slider\" style=\"background-color:#336600\">Your\u00e9<div class=\"clearfix\"><\/div><\/span><\/div><div class=\"clearfix\"><\/div><div id=\"prl_slider_98body_4\" class=\"headings_body \" style=\"color:#ffffff;background-color:#669900;\"><span>Eine Schule f\u00fcr \u00fcber 150 Jungen und M\u00e4dchen im Dogonland<div class=\"clearfix\"><\/div><\/span><\/div><div class=\"clearfix\"><\/div><\/div><img src=https:\/\/www.haeuser-der-hoffnung.org\/wp-content\/uploads\/2014\/12\/Youre_S_DSCF0452.png alt=\"\"><img src=https:\/\/www.haeuser-der-hoffnung.org\/wp-content\/uploads\/2014\/12\/Youre_S_DSCF0452.png alt=\"\" style=\"display:none;\"><\/li><\/ul><!-- slides -->\n\t\t<\/div><!-- flexslider home_slider -->[\/vc_column][\/vc_row][vc_row][vc_column]<div class=\"prk_shortcode-title\"><div class=\"header_font prk_titlify_father sizer_small zero_color\" style=\"color:#669900;text-shadow:0px 0px 1px rgba(102, 153, 0,0.3);\">Eine Grundschule zwischen Mopti und Djenn\u00e9<\/div><\/div>[vc_column_text]Das Dorf Your\u00e9 liegt etwa in der Mitte zwischen Mopti und Djenn\u00e9. Unser Verein hat dort 2014 mit Unterst\u00fctzung einer gro\u00dfz\u00fcgigen Spenderin ein Schulgeb\u00e4ude mit drei Klassenzimmern errichtet.\u00a0Im November 2014 konnten \u00fcber 150 Sch\u00fcler (etwa gleich viele M\u00e4dchen wie\u00a0Jungen) in das Geb\u00e4ude einziehen. Die Schule wurde staatlich anerkannt,\u00a0die Lehrer werden von der Regierung bezahlt.<\/p>\n<p>Bis zum Sommer 2014 hatte es in Your\u00e9 nur eine Behelfsschule aus Hirsestroh gegeben, deren drei Klassenzimmer mit Bastmatten voneinander abgetrennt waren. Bei einer Reise im Januar des Jahres waren einige Vereinsmitglieder durch Zufall an dieser Schule vorbei gekommen und hatten sie besucht. Sie waren beeindruckt von dem Engagement des Dorfes: die Bewohner hatten das Behelfsgeb\u00e4ude gebaut und bezahlten einen Teil des Lehrergehalts.<\/p>\n<p>Zur\u00fcck in Deutschland, lie\u00df die Frage, wie die Schule die Regenzeit \u00fcberstehen w\u00fcrde, Gunthard Weber nicht los. Er begann, Spenden zu sparen, mit dem Ziel, ein Schulgeb\u00e4ude mit drei Klassenzimmern zu errichten. Im Fr\u00fchjahr erkl\u00e4rte sich dann eine Spenderin bereit, die gesamte Schule zu finanzieren, nachdem sie Bilder des Behelfsgeb\u00e4udes gesehen hatte.[\/vc_column_text][\/vc_column][\/vc_row][vc_row][vc_column width=&#8220;1\/1&#8243;]<div class=\"prk_blockquote prk_bordered plain\"><div class=\"in_quote\"><div class=\"prk_inner_tip prk_bordered\"><\/div><div class=\"tip_top_hide\"><\/div>Die Sch\u00fclerinnen der Klasse 1A mit ihrer Lehrerin vor dem frisch bezogenen Schulgeb\u00e4ude<\/div><\/div><div class=\"pirenko_author header_font body_text_shadow prk_bold\"><span class=\"after_author\"><\/span><\/div>[vc_single_image image=&#8220;3214&#8243; img_size=&#8220;full&#8220; img_link_target=&#8220;_self&#8220;]tricker[\/vc_single_image][\/vc_column][\/vc_row][vc_row][vc_column width=&#8220;1\/1&#8243;][vc_button title=&#8220;&gt;&gt; Weitere Bilder zum Bau des Schulgeb\u00e4udes finden Sie im Bildarchiv 2014.&#8220; target=&#8220;_self&#8220; color=&#8220;wpb_button&#8220; icon=&#8220;none&#8220; size=&#8220;wpb_regularsize&#8220; href=&#8220;https:\/\/www.haeuser-der-hoffnung.org\/bilder-2014\/&#8220;]tricker[\/vc_button][\/vc_column][\/vc_row]<\/p>\n<\/div>","protected":false},"excerpt":{"rendered":"<p>[vc_row][vc_column width=&#8220;1\/1&#8243;][\/vc_column][\/vc_row][vc_row][vc_column][vc_column_text]Das Dorf Your\u00e9 liegt etwa in der Mitte zwischen Mopti und Djenn\u00e9. Unser Verein hat dort 2014 mit Unterst\u00fctzung einer gro\u00dfz\u00fcgigen Spenderin ein Schulgeb\u00e4ude mit drei Klassenzimmern errichtet.\u00a0Im November 2014 konnten \u00fcber 150 Sch\u00fcler (etwa gleich viele M\u00e4dchen wie\u00a0Jungen) in das Geb\u00e4ude einziehen. Die Schule wurde staatlich anerkannt,\u00a0die Lehrer werden von der Regierung bezahlt. [&hellip;]<\/p>\n","protected":false},"author":147,"featured_media":0,"parent":0,"menu_order":0,"comment_status":"closed","ping_status":"open","template":"","meta":{"footnotes":""},"class_list":["post-3255","page","type-page","status-publish","hentry"],"_links":{"self":[{"href":"https:\/\/www.haeuser-der-hoffnung.org\/de\/wp-json\/wp\/v2\/pages\/3255","targetHints":{"allow":["GET"]}}],"collection":[{"href":"https:\/\/www.haeuser-der-hoffnung.org\/de\/wp-json\/wp\/v2\/pages"}],"about":[{"href":"https:\/\/www.haeuser-der-hoffnung.org\/de\/wp-json\/wp\/v2\/types\/page"}],"author":[{"embeddable":true,"href":"https:\/\/www.haeuser-der-hoffnung.org\/de\/wp-json\/wp\/v2\/users\/147"}],"replies":[{"embeddable":true,"href":"https:\/\/www.haeuser-der-hoffnung.org\/de\/wp-json\/wp\/v2\/comments?post=3255"}],"version-history":[{"count":0,"href":"https:\/\/www.haeuser-der-hoffnung.org\/de\/wp-json\/wp\/v2\/pages\/3255\/revisions"}],"wp:attachment":[{"href":"https:\/\/www.haeuser-der-hoffnung.org\/de\/wp-json\/wp\/v2\/media?parent=3255"}],"curies":[{"name":"wp","href":"https:\/\/api.w.org\/{rel}","templated":true}]}}